{"id":26597,"date":"2026-03-20T14:51:38","date_gmt":"2026-03-20T14:51:38","guid":{"rendered":"https:\/\/www.act-mag.com\/product\/caricatore-compatibile-con-glock-43x-48\/"},"modified":"2026-03-20T14:51:38","modified_gmt":"2026-03-20T14:51:38","slug":"caricatore-compatibile-con-glock-43x-48","status":"publish","type":"product","link":"https:\/\/www.act-mag.com\/it\/prodotto\/caricatore-compatibile-con-glock-43x-48\/","title":{"rendered":"Caricatore compatibile con Glock 43X\/48"},"content":{"rendered":"<h5 class=\"p1\">Elegante caricatore in metallo nero da 15 colpi costruito per garantire un&#8217;alimentazione fluida, affidabilit\u00e0 e lunga durata, dal poligono alla difesa. \u00c8 un aggiornamento ad alta capacit\u00e0 per le pistole compatte Glock 43X e 48, con una capacit\u00e0 superiore del 50{a6231291ed4798196d7ab66dc872d3efd3601bb253622c163dd86db46e39ef6c}. Per ottenere risultati ottimali, si consiglia il caricatore in metallo.  <\/h5>\n<h5 class=\"p1\">DISCLAIMER: La capacit\u00e0 ridotta \u00e8 garantita dai perni che impediscono il caricamento. Le dimensioni del caricatore rimangono quelle reali. <\/h5>\n<h5 class=\"p1\">DISCLAIMER: &#8220;GLOCK&#8221; e &#8220;43X&#8221; \u00e8 un marchio registrato a livello federale da GLOCK, Inc. ed \u00e8 uno dei tanti marchi di propriet\u00e0 di GLOCK, Inc. o GLOCK Ges.m.b.H. NEWMEC non \u00e8 affiliata in alcun modo con GLOCK, Inc. o GLOCK Ges.m.b.H. L&#8217;uso di &#8220;GLOCK&#8221; e &#8220;43X&#8221; in questa pagina ha il solo scopo di pubblicizzare la vendita di parti, componenti o accessori compatibili con le pistole GLOCK, inclusa la GLOCK 43X. Questo prodotto non \u00e8 prodotto, autorizzato, approvato o garantito da GLOCK. GLOCK non garantisce n\u00e9 dichiara che questo prodotto sia compatibile con le pistole GLOCK. Per i prodotti e i ricambi originali GLOCK, Inc. e GLOCK Ges.m.b.H., visita il sito www.glock.com.   <\/h5>\n","protected":false},"excerpt":{"rendered":"<table dir=\"ltr\" style=\"height: 217px;\" border=\"1\" width=\"439\" cellspacing=\"0\" cellpadding=\"0\" data-sheets-root=\"1\" data-sheets-baot=\"1\">\n<colgroup>\n<col width=\"100\">\n<col width=\"100\"><\/colgroup>\n<tbody>\n<tr>\n<td>Calibro<\/td>\n<td>9 mm<\/td>\n<\/tr>\n<tr>\n<td>Capacit\u00e0<\/td>\n<td>10-15 colpi<\/td>\n<\/tr>\n<tr>\n<td>Basepad<\/td>\n<td>Polimero<\/td>\n<\/tr>\n<tr>\n<td>Finitura<\/td>\n<td>Blued<\/td>\n<\/tr>\n<tr>\n<td>Materiale<\/td>\n<td>In metallo<\/td>\n<\/tr>\n<\/tbody>\n<\/table>\n<h5>msrp \u20ac 32,40 (iva esclusa)<\/h5>\n<p>&nbsp;<\/p>\n","protected":false},"featured_media":25533,"template":"","meta":[],"product_brand":[],"product_cat":[305],"product_tag":[],"class_list":{"0":"post-26597","1":"product","2":"type-product","3":"status-publish","4":"has-post-thumbnail","6":"product_cat-glock","8":"first","9":"instock","10":"shipping-taxable","11":"product-type-simple"},"_links":{"self":[{"href":"https:\/\/www.act-mag.com\/it\/wp-json\/wp\/v2\/product\/26597","targetHints":{"allow":["GET"]}}],"collection":[{"href":"https:\/\/www.act-mag.com\/it\/wp-json\/wp\/v2\/product"}],"about":[{"href":"https:\/\/www.act-mag.com\/it\/wp-json\/wp\/v2\/types\/product"}],"wp:featuredmedia":[{"embeddable":true,"href":"https:\/\/www.act-mag.com\/it\/wp-json\/wp\/v2\/media\/25533"}],"wp:attachment":[{"href":"https:\/\/www.act-mag.com\/it\/wp-json\/wp\/v2\/media?parent=26597"}],"wp:term":[{"taxonomy":"product_brand","embeddable":true,"href":"https:\/\/www.act-mag.com\/it\/wp-json\/wp\/v2\/product_brand?post=26597"},{"taxonomy":"product_cat","embeddable":true,"href":"https:\/\/www.act-mag.com\/it\/wp-json\/wp\/v2\/product_cat?post=26597"},{"taxonomy":"product_tag","embeddable":true,"href":"https:\/\/www.act-mag.com\/it\/wp-json\/wp\/v2\/product_tag?post=26597"}],"curies":[{"name":"wp","href":"https:\/\/api.w.org\/{rel}","templated":true}]}}